{"id":13258,"date":"2024-03-04T10:26:07","date_gmt":"2024-03-04T10:26:07","guid":{"rendered":"https:\/\/www.easywebsiteform.com\/contacta-con-nosotros\/"},"modified":"2026-03-28T10:17:25","modified_gmt":"2026-03-28T10:17:25","slug":"contacta-con-nosotros","status":"publish","type":"page","link":"https:\/\/www.easywebsiteform.com\/es\/contacta-con-nosotros\/","title":{"rendered":"Contacta con nosotros"},"content":{"rendered":"\t\t<div data-elementor-type=\"wp-page\" data-elementor-id=\"13258\" class=\"elementor elementor-13258 elementor-1050\" data-elementor-post-type=\"page\">\n\t\t\t\t<div class=\"elementor-element elementor-element-facdfb4 e-con-full e-flex e-con e-parent\" data-id=\"facdfb4\" data-element_type=\"container\" data-e-type=\"container\" data-settings=\"{&quot;background_background&quot;:&quot;gradient&quot;}\">\n\t\t\t\t<div class=\"elementor-element elementor-element-18794fd elementor-widget elementor-widget-heading\" data-id=\"18794fd\" data-element_type=\"widget\" data-e-type=\"widget\" data-widget_type=\"heading.default\">\n\t\t\t\t<div class=\"elementor-widget-container\">\n\t\t\t\t\t<p class=\"elementor-heading-title elementor-size-default\">Por favor, env\u00edanos tus comentarios.<\/p>\t\t\t\t<\/div>\n\t\t\t\t<\/div>\n\t\t\t\t<\/div>\n\t\t<div class=\"elementor-element elementor-element-ff07622 e-flex e-con-boxed e-con e-parent\" data-id=\"ff07622\" data-element_type=\"container\" data-e-type=\"container\" data-settings=\"{&quot;background_background&quot;:&quot;classic&quot;}\">\n\t\t\t\t\t<div class=\"e-con-inner\">\n\t\t<div class=\"elementor-element elementor-element-8278206 e-con-full e-flex e-con e-child\" data-id=\"8278206\" data-element_type=\"container\" data-e-type=\"container\">\n\t\t\t\t<div class=\"elementor-element elementor-element-50faa93 elementor-widget elementor-widget-theme-site-logo elementor-widget-image\" data-id=\"50faa93\" data-element_type=\"widget\" data-e-type=\"widget\" data-widget_type=\"theme-site-logo.default\">\n\t\t\t\t<div class=\"elementor-widget-container\">\n\t\t\t\t\t\t\t\t\t\t\t<a href=\"https:\/\/www.easywebsiteform.com\/es\/\">\n\t\t\t<img decoding=\"async\" width=\"331\" height=\"56\" src=\"https:\/\/www.easywebsiteform.com\/wp-content\/uploads\/2023\/12\/EasyWebsiteForm-Logo.png\" class=\"attachment-full size-full wp-image-2658\" alt=\"EasyWebsiteForm Logo\" srcset=\"https:\/\/www.easywebsiteform.com\/wp-content\/uploads\/2023\/12\/EasyWebsiteForm-Logo.png 331w, https:\/\/www.easywebsiteform.com\/wp-content\/uploads\/2023\/12\/EasyWebsiteForm-Logo-300x51.png 300w\" sizes=\"(max-width: 331px) 100vw, 331px\" \/>\t\t\t\t<\/a>\n\t\t\t\t\t\t\t\t\t\t\t<\/div>\n\t\t\t\t<\/div>\n\t\t\t\t<div class=\"elementor-element elementor-element-c9623aa elementor-widget elementor-widget-text-editor\" data-id=\"c9623aa\" data-element_type=\"widget\" data-e-type=\"widget\" data-widget_type=\"text-editor.default\">\n\t\t\t\t<div class=\"elementor-widget-container\">\n\t\t\t\t\t\t\t\t\t<p>Nos encanta saber de nuestros clientes. Utiliza nuestro formulario de contacto o el n\u00famero de tel\u00e9fono que aparece abajo para ponerte en contacto con nosotros.  \ud83d\ude42<\/p>\t\t\t\t\t\t\t\t<\/div>\n\t\t\t\t<\/div>\n\t\t\t\t<div class=\"elementor-element elementor-element-9730486 elementor-widget elementor-widget-text-editor\" data-id=\"9730486\" data-element_type=\"widget\" data-e-type=\"widget\" data-widget_type=\"text-editor.default\">\n\t\t\t\t<div class=\"elementor-widget-container\">\n\t\t\t\t\t\t\t\t\t<p>Ll\u00e1manos o env\u00edanos un mensaje: <a href=\"tel:208-985-4008\">(208) 985-4008<\/a><\/p>\t\t\t\t\t\t\t\t<\/div>\n\t\t\t\t<\/div>\n\t\t\t\t<div class=\"elementor-element elementor-element-084b394 elementor-widget elementor-widget-text-editor\" data-id=\"084b394\" data-element_type=\"widget\" data-e-type=\"widget\" data-widget_type=\"text-editor.default\">\n\t\t\t\t<div class=\"elementor-widget-container\">\n\t\t\t\t\t\t\t\t\t<p>Direcci\u00f3n: <a href=\"https:\/\/maps.app.goo.gl\/d2hqxpnU5FXqSELC7\" target=\"_blank\" rel=\"noopener\">575 E Parkcenter Blvd #180, Boise, ID 83706<\/a><\/p>\t\t\t\t\t\t\t\t<\/div>\n\t\t\t\t<\/div>\n\t\t\t\t<\/div>\n\t\t<div class=\"elementor-element elementor-element-0caed7f e-con-full e-flex e-con e-child\" data-id=\"0caed7f\" data-element_type=\"container\" data-e-type=\"container\">\n\t\t\t\t<div class=\"elementor-element elementor-element-3633562 elementor-widget elementor-widget-html\" data-id=\"3633562\" data-element_type=\"widget\" data-e-type=\"widget\" data-widget_type=\"html.default\">\n\t\t\t\t<div class=\"elementor-widget-container\">\n\t\t\t\t\t<iframe name=\"937558540861\" id=\"EasyWebsiteForm-937558540861\" title=\"Formulario de contacto para EWF\" onload=\"window.parent.scrollTo(0,0)\" src=\"https:\/\/apps.easywebsiteform.com\/form\/937558540861\" allowtransparency=\"true\" allowfullscreen=\"allowfullscreen\" style=\"min-width: 100%; max-width: 100%; height: 750px; border: none;\" scrolling=\"no\"><\/iframe><script type=\"text\/javascript\">function handleIFrameMessage(e){if(!e.data||!e.data.ewf)return;let t=e.data.ewf,n=document.getElementById(\"EasyWebsiteForm-\"+(t.uid||\"\"));if(!n)return;n.style.height=(t.height||\"\")+\"px\"}window.addEventListener(\"message\",handleIFrameMessage);<\/script>\t\t\t\t<\/div>\n\t\t\t\t<\/div>\n\t\t\t\t<\/div>\n\t\t\t\t\t<\/div>\n\t\t\t\t<\/div>\n\t\t<div class=\"elementor-element elementor-element-327906c e-con-full e-flex e-con e-parent\" data-id=\"327906c\" data-element_type=\"container\" data-e-type=\"container\" data-settings=\"{&quot;background_background&quot;:&quot;classic&quot;}\">\n\t\t<div class=\"elementor-element elementor-element-11b7b89 e-con-full e-flex e-con e-child\" data-id=\"11b7b89\" data-element_type=\"container\" data-e-type=\"container\">\n\t\t\t\t<div class=\"elementor-element elementor-element-6f09018 elementor-widget elementor-widget-html\" data-id=\"6f09018\" data-element_type=\"widget\" data-e-type=\"widget\" data-widget_type=\"html.default\">\n\t\t\t\t<div class=\"elementor-widget-container\">\n\t\t\t\t\t<iframe src=\"https:\/\/www.google.com\/maps\/embed?pb=!1m14!1m8!1m3!1d11559.313122845193!2d-116.1770755!3d43.589293!3m2!1i1024!2i768!4f13.1!3m3!1m2!1s0x54aef93985ba666f%3A0x77ed572965349512!2sEasy%20Website%20Form!5e0!3m2!1sen!2sbd!4v1719301257750!5m2!1sen!2sbd\" width=\"100%\" height=\"550\" style=\"border:0;\" allowfullscreen=\"\" loading=\"lazy\" referrerpolicy=\"no-referrer-when-downgrade\"><\/iframe>\t\t\t\t<\/div>\n\t\t\t\t<\/div>\n\t\t\t\t<\/div>\n\t\t\t\t<\/div>\n\t\t\t\t<\/div>\n\t\t","protected":false},"excerpt":{"rendered":"<p>Por favor, env\u00edanos tus comentarios. Nos encanta saber de nuestros clientes. Utiliza nuestro formulario de contacto o el n\u00famero de tel\u00e9fono que aparece abajo para ponerte en contacto con nosotros. \ud83d\ude42 Ll\u00e1manos o env\u00edanos un mensaje: (208) 985-4008 Direcci\u00f3n: 575 E Parkcenter Blvd #180, Boise, ID 83706<\/p>\n","protected":false},"author":2,"featured_media":0,"parent":0,"menu_order":0,"comment_status":"closed","ping_status":"closed","template":"elementor_header_footer","meta":{"_acf_changed":false,"inline_featured_image":false,"footnotes":""},"class_list":["post-13258","page","type-page","status-publish","hentry"],"acf":[],"yoast_head":"<!-- This site is optimized with the Yoast SEO plugin v27.3 - https:\/\/yoast.com\/product\/yoast-seo-wordpress\/ -->\n<title>Contacta con nosotros | Crea un generador de formularios | Easy Website Form<\/title>\n<meta name=\"description\" content=\"Contacta con nosotros para recibir una asistencia excepcional con tus necesidades de creaci\u00f3n de formularios personalizados. Estamos aqu\u00ed para ayudarte a crear los formularios web perfectos para tu negocio online.\" \/>\n<meta name=\"robots\" content=\"index, follow, max-snippet:-1, max-image-preview:large, max-video-preview:-1\" \/>\n<link rel=\"canonical\" href=\"https:\/\/www.easywebsiteform.com\/es\/contacta-con-nosotros\/\" \/>\n<meta property=\"og:locale\" content=\"es_ES\" \/>\n<meta property=\"og:type\" content=\"article\" \/>\n<meta property=\"og:title\" content=\"Contacta con nosotros | Crea un generador de formularios | Easy Website Form\" \/>\n<meta property=\"og:description\" content=\"Contacta con nosotros para recibir una asistencia excepcional con tus necesidades de creaci\u00f3n de formularios personalizados. Estamos aqu\u00ed para ayudarte a crear los formularios web perfectos para tu negocio online.\" \/>\n<meta property=\"og:url\" content=\"https:\/\/www.easywebsiteform.com\/es\/contacta-con-nosotros\/\" \/>\n<meta property=\"og:site_name\" content=\"Online Website Form Creator | Works On Any Platform\" \/>\n<meta property=\"article:modified_time\" content=\"2026-03-28T10:17:25+00:00\" \/>\n<meta name=\"twitter:card\" content=\"summary_large_image\" \/>\n<script type=\"application\/ld+json\" class=\"yoast-schema-graph\">{\"@context\":\"https:\\\/\\\/schema.org\",\"@graph\":[{\"@type\":\"WebPage\",\"@id\":\"https:\\\/\\\/www.easywebsiteform.com\\\/es\\\/contacta-con-nosotros\\\/\",\"url\":\"https:\\\/\\\/www.easywebsiteform.com\\\/es\\\/contacta-con-nosotros\\\/\",\"name\":\"Contacta con nosotros | Crea un generador de formularios | Easy Website Form\",\"isPartOf\":{\"@id\":\"https:\\\/\\\/www.easywebsiteform.com\\\/es\\\/#website\"},\"datePublished\":\"2024-03-04T10:26:07+00:00\",\"dateModified\":\"2026-03-28T10:17:25+00:00\",\"description\":\"Contacta con nosotros para recibir una asistencia excepcional con tus necesidades de creaci\u00f3n de formularios personalizados. Estamos aqu\u00ed para ayudarte a crear los formularios web perfectos para tu negocio online.\",\"breadcrumb\":{\"@id\":\"https:\\\/\\\/www.easywebsiteform.com\\\/es\\\/contacta-con-nosotros\\\/#breadcrumb\"},\"inLanguage\":\"es\",\"potentialAction\":[{\"@type\":\"ReadAction\",\"target\":[\"https:\\\/\\\/www.easywebsiteform.com\\\/es\\\/contacta-con-nosotros\\\/\"]}]},{\"@type\":\"BreadcrumbList\",\"@id\":\"https:\\\/\\\/www.easywebsiteform.com\\\/es\\\/contacta-con-nosotros\\\/#breadcrumb\",\"itemListElement\":[{\"@type\":\"ListItem\",\"position\":1,\"name\":\"Home\",\"item\":\"https:\\\/\\\/www.easywebsiteform.com\\\/es\\\/inicio\\\/\"},{\"@type\":\"ListItem\",\"position\":2,\"name\":\"Contacta con nosotros\"}]},{\"@type\":\"WebSite\",\"@id\":\"https:\\\/\\\/www.easywebsiteform.com\\\/es\\\/#website\",\"url\":\"https:\\\/\\\/www.easywebsiteform.com\\\/es\\\/\",\"name\":\"Online Website Form Creator | Works On Any Platform\",\"description\":\"\",\"publisher\":{\"@id\":\"https:\\\/\\\/www.easywebsiteform.com\\\/es\\\/#organization\"},\"potentialAction\":[{\"@type\":\"SearchAction\",\"target\":{\"@type\":\"EntryPoint\",\"urlTemplate\":\"https:\\\/\\\/www.easywebsiteform.com\\\/es\\\/?s={search_term_string}\"},\"query-input\":{\"@type\":\"PropertyValueSpecification\",\"valueRequired\":true,\"valueName\":\"search_term_string\"}}],\"inLanguage\":\"es\"},{\"@type\":\"Organization\",\"@id\":\"https:\\\/\\\/www.easywebsiteform.com\\\/es\\\/#organization\",\"name\":\"Online Website Form Creator | Works On Any Platform\",\"url\":\"https:\\\/\\\/www.easywebsiteform.com\\\/es\\\/\",\"logo\":{\"@type\":\"ImageObject\",\"inLanguage\":\"es\",\"@id\":\"https:\\\/\\\/www.easywebsiteform.com\\\/es\\\/#\\\/schema\\\/logo\\\/image\\\/\",\"url\":\"https:\\\/\\\/www.easywebsiteform.com\\\/wp-content\\\/uploads\\\/2023\\\/12\\\/EasyWebsiteForm-Logo.png\",\"contentUrl\":\"https:\\\/\\\/www.easywebsiteform.com\\\/wp-content\\\/uploads\\\/2023\\\/12\\\/EasyWebsiteForm-Logo.png\",\"width\":331,\"height\":56,\"caption\":\"Online Website Form Creator | Works On Any Platform\"},\"image\":{\"@id\":\"https:\\\/\\\/www.easywebsiteform.com\\\/es\\\/#\\\/schema\\\/logo\\\/image\\\/\"}}]}<\/script>\n<!-- \/ Yoast SEO plugin. -->","yoast_head_json":{"title":"Contacta con nosotros | Crea un generador de formularios | Easy Website Form","description":"Contacta con nosotros para recibir una asistencia excepcional con tus necesidades de creaci\u00f3n de formularios personalizados. Estamos aqu\u00ed para ayudarte a crear los formularios web perfectos para tu negocio online.","robots":{"index":"index","follow":"follow","max-snippet":"max-snippet:-1","max-image-preview":"max-image-preview:large","max-video-preview":"max-video-preview:-1"},"canonical":"https:\/\/www.easywebsiteform.com\/es\/contacta-con-nosotros\/","og_locale":"es_ES","og_type":"article","og_title":"Contacta con nosotros | Crea un generador de formularios | Easy Website Form","og_description":"Contacta con nosotros para recibir una asistencia excepcional con tus necesidades de creaci\u00f3n de formularios personalizados. Estamos aqu\u00ed para ayudarte a crear los formularios web perfectos para tu negocio online.","og_url":"https:\/\/www.easywebsiteform.com\/es\/contacta-con-nosotros\/","og_site_name":"Online Website Form Creator | Works On Any Platform","article_modified_time":"2026-03-28T10:17:25+00:00","twitter_card":"summary_large_image","schema":{"@context":"https:\/\/schema.org","@graph":[{"@type":"WebPage","@id":"https:\/\/www.easywebsiteform.com\/es\/contacta-con-nosotros\/","url":"https:\/\/www.easywebsiteform.com\/es\/contacta-con-nosotros\/","name":"Contacta con nosotros | Crea un generador de formularios | Easy Website Form","isPartOf":{"@id":"https:\/\/www.easywebsiteform.com\/es\/#website"},"datePublished":"2024-03-04T10:26:07+00:00","dateModified":"2026-03-28T10:17:25+00:00","description":"Contacta con nosotros para recibir una asistencia excepcional con tus necesidades de creaci\u00f3n de formularios personalizados. Estamos aqu\u00ed para ayudarte a crear los formularios web perfectos para tu negocio online.","breadcrumb":{"@id":"https:\/\/www.easywebsiteform.com\/es\/contacta-con-nosotros\/#breadcrumb"},"inLanguage":"es","potentialAction":[{"@type":"ReadAction","target":["https:\/\/www.easywebsiteform.com\/es\/contacta-con-nosotros\/"]}]},{"@type":"BreadcrumbList","@id":"https:\/\/www.easywebsiteform.com\/es\/contacta-con-nosotros\/#breadcrumb","itemListElement":[{"@type":"ListItem","position":1,"name":"Home","item":"https:\/\/www.easywebsiteform.com\/es\/inicio\/"},{"@type":"ListItem","position":2,"name":"Contacta con nosotros"}]},{"@type":"WebSite","@id":"https:\/\/www.easywebsiteform.com\/es\/#website","url":"https:\/\/www.easywebsiteform.com\/es\/","name":"Online Website Form Creator | Works On Any Platform","description":"","publisher":{"@id":"https:\/\/www.easywebsiteform.com\/es\/#organization"},"potentialAction":[{"@type":"SearchAction","target":{"@type":"EntryPoint","urlTemplate":"https:\/\/www.easywebsiteform.com\/es\/?s={search_term_string}"},"query-input":{"@type":"PropertyValueSpecification","valueRequired":true,"valueName":"search_term_string"}}],"inLanguage":"es"},{"@type":"Organization","@id":"https:\/\/www.easywebsiteform.com\/es\/#organization","name":"Online Website Form Creator | Works On Any Platform","url":"https:\/\/www.easywebsiteform.com\/es\/","logo":{"@type":"ImageObject","inLanguage":"es","@id":"https:\/\/www.easywebsiteform.com\/es\/#\/schema\/logo\/image\/","url":"https:\/\/www.easywebsiteform.com\/wp-content\/uploads\/2023\/12\/EasyWebsiteForm-Logo.png","contentUrl":"https:\/\/www.easywebsiteform.com\/wp-content\/uploads\/2023\/12\/EasyWebsiteForm-Logo.png","width":331,"height":56,"caption":"Online Website Form Creator | Works On Any Platform"},"image":{"@id":"https:\/\/www.easywebsiteform.com\/es\/#\/schema\/logo\/image\/"}}]}},"_links":{"self":[{"href":"https:\/\/www.easywebsiteform.com\/es\/wp-json\/wp\/v2\/pages\/13258","targetHints":{"allow":["GET"]}}],"collection":[{"href":"https:\/\/www.easywebsiteform.com\/es\/wp-json\/wp\/v2\/pages"}],"about":[{"href":"https:\/\/www.easywebsiteform.com\/es\/wp-json\/wp\/v2\/types\/page"}],"author":[{"embeddable":true,"href":"https:\/\/www.easywebsiteform.com\/es\/wp-json\/wp\/v2\/users\/2"}],"replies":[{"embeddable":true,"href":"https:\/\/www.easywebsiteform.com\/es\/wp-json\/wp\/v2\/comments?post=13258"}],"version-history":[{"count":1,"href":"https:\/\/www.easywebsiteform.com\/es\/wp-json\/wp\/v2\/pages\/13258\/revisions"}],"predecessor-version":[{"id":13259,"href":"https:\/\/www.easywebsiteform.com\/es\/wp-json\/wp\/v2\/pages\/13258\/revisions\/13259"}],"wp:attachment":[{"href":"https:\/\/www.easywebsiteform.com\/es\/wp-json\/wp\/v2\/media?parent=13258"}],"curies":[{"name":"wp","href":"https:\/\/api.w.org\/{rel}","templated":true}]}}